{"id":203,"date":"2022-04-26T13:42:03","date_gmt":"2022-04-26T13:42:03","guid":{"rendered":"https:\/\/casaingcosur.com\/?post_type=product&#038;p=203"},"modified":"2022-04-26T14:15:52","modified_gmt":"2022-04-26T14:15:52","slug":"conectores-rapidos-3pcs-ingco","status":"publish","type":"product","link":"https:\/\/casaingcosur.com\/?product=conectores-rapidos-3pcs-ingco","title":{"rendered":"CONECTORES R\u00c1PIDOS 3PCS INGCO"},"content":{"rendered":"<p>Igual que el nivel de calidad STANLEY<br \/>\nCon 1pcs 1\/2 \u00abConector r\u00e1pido de manguera de pl\u00e1stico con parada de agua<br \/>\nCon conector r\u00e1pido de manguera de pl\u00e1stico 1pcs 1\/2 \u00bb<br \/>\nCon 1pcs 1\/2 \u00abTap Adapter<\/p>\n","protected":false},"excerpt":{"rendered":"<p>Igual que el nivel de calidad STANLEY Con 1pcs 1\/2 \u00abConector r\u00e1pido de manguera de pl\u00e1stico con parada de agua Con conector r\u00e1pido de manguera de pl\u00e1stico 1pcs 1\/2 \u00bb Con 1pcs 1\/2 \u00abTap Adapter<\/p>\n","protected":false},"featured_media":223,"comment_status":"open","ping_status":"closed","template":"","meta":[],"product_cat":[21,36],"product_tag":[],"class_list":{"0":"post-203","1":"product","2":"type-product","3":"status-publish","4":"has-post-thumbnail","6":"product_cat-accesorios","7":"product_cat-jardineria","8":"thunk-woo-product-list","9":"opn-qv-enable","10":"open-woo-hover-","11":"open-single-product-tab-horizontal","12":"open-shadow-","13":"open-shadow-hover-","15":"first","16":"instock","17":"shipping-taxable","18":"purchasable","19":"product-type-simple"},"_links":{"self":[{"href":"https:\/\/casaingcosur.com\/index.php?rest_route=\/wp\/v2\/product\/203","targetHints":{"allow":["GET"]}}],"collection":[{"href":"https:\/\/casaingcosur.com\/index.php?rest_route=\/wp\/v2\/product"}],"about":[{"href":"https:\/\/casaingcosur.com\/index.php?rest_route=\/wp\/v2\/types\/product"}],"replies":[{"embeddable":true,"href":"https:\/\/casaingcosur.com\/index.php?rest_route=%2Fwp%2Fv2%2Fcomments&post=203"}],"wp:featuredmedia":[{"embeddable":true,"href":"https:\/\/casaingcosur.com\/index.php?rest_route=\/wp\/v2\/media\/223"}],"wp:attachment":[{"href":"https:\/\/casaingcosur.com\/index.php?rest_route=%2Fwp%2Fv2%2Fmedia&parent=203"}],"wp:term":[{"taxonomy":"product_cat","embeddable":true,"href":"https:\/\/casaingcosur.com\/index.php?rest_route=%2Fwp%2Fv2%2Fproduct_cat&post=203"},{"taxonomy":"product_tag","embeddable":true,"href":"https:\/\/casaingcosur.com\/index.php?rest_route=%2Fwp%2Fv2%2Fproduct_tag&post=203"}],"curies":[{"name":"wp","href":"https:\/\/api.w.org\/{rel}","templated":true}]}}