{"id":192,"date":"2022-04-26T13:42:02","date_gmt":"2022-04-26T13:42:02","guid":{"rendered":"https:\/\/casaingcosur.com\/?post_type=product&#038;p=192"},"modified":"2022-04-26T14:15:52","modified_gmt":"2022-04-26T14:15:52","slug":"juego-de-brocas-10pcs-hssy-concre6ptas-dest-ingco","status":"publish","type":"product","link":"https:\/\/casaingcosur.com\/?product=juego-de-brocas-10pcs-hssy-concre6ptas-dest-ingco","title":{"rendered":"JUEGO DE BROCAS 10PCS HSSY CONCRE+6PTAS DEST INGCO"},"content":{"rendered":"<p>Juego de brocas para taladrar y destornilladores de 16 piezas<br \/>\nBrocas de la torsi\u00f3n del HSS 6pcs<br \/>\nTAMA\u00d1O: 5\/64 \u00ab, 7\/64\u00bb, 1\/8 \u00ab, 5\/32\u00bb, 3\/16 \u00ab, 7\/32<br \/>\nBrocas de la alba\u00f1iler\u00eda 4pcs<br \/>\nTAMA\u00d1O: 5\/32 \u00ab, 3\/16\u00bb, 1\/4 \u00ab, 5\/16\u00bb<br \/>\nPuntas de destornillador 6mm 25mm<br \/>\nSL4.5, SL5.5, PH1, PH2, PZ1, PZ2<br \/>\nEmbalado por doble blister<\/p>\n","protected":false},"excerpt":{"rendered":"<p>Juego de brocas para taladrar y destornilladores de 16 piezas Brocas de la torsi\u00f3n del HSS 6pcs TAMA\u00d1O: 5\/64 \u00ab, 7\/64\u00bb, 1\/8 \u00ab, 5\/32\u00bb, 3\/16 \u00ab, 7\/32 Brocas de la alba\u00f1iler\u00eda 4pcs TAMA\u00d1O: 5\/32 \u00ab, 3\/16\u00bb, 1\/4 \u00ab, 5\/16\u00bb Puntas de destornillador 6mm 25mm SL4.5, SL5.5, PH1, PH2, PZ1, PZ2 Embalado por doble blister<\/p>\n","protected":false},"featured_media":214,"comment_status":"open","ping_status":"closed","template":"","meta":[],"product_cat":[21],"product_tag":[],"class_list":{"0":"post-192","1":"product","2":"type-product","3":"status-publish","4":"has-post-thumbnail","6":"product_cat-accesorios","7":"thunk-woo-product-list","8":"opn-qv-enable","9":"open-woo-hover-","10":"open-single-product-tab-horizontal","11":"open-shadow-","12":"open-shadow-hover-","14":"first","15":"instock","16":"shipping-taxable","17":"purchasable","18":"product-type-simple"},"_links":{"self":[{"href":"https:\/\/casaingcosur.com\/index.php?rest_route=\/wp\/v2\/product\/192","targetHints":{"allow":["GET"]}}],"collection":[{"href":"https:\/\/casaingcosur.com\/index.php?rest_route=\/wp\/v2\/product"}],"about":[{"href":"https:\/\/casaingcosur.com\/index.php?rest_route=\/wp\/v2\/types\/product"}],"replies":[{"embeddable":true,"href":"https:\/\/casaingcosur.com\/index.php?rest_route=%2Fwp%2Fv2%2Fcomments&post=192"}],"wp:featuredmedia":[{"embeddable":true,"href":"https:\/\/casaingcosur.com\/index.php?rest_route=\/wp\/v2\/media\/214"}],"wp:attachment":[{"href":"https:\/\/casaingcosur.com\/index.php?rest_route=%2Fwp%2Fv2%2Fmedia&parent=192"}],"wp:term":[{"taxonomy":"product_cat","embeddable":true,"href":"https:\/\/casaingcosur.com\/index.php?rest_route=%2Fwp%2Fv2%2Fproduct_cat&post=192"},{"taxonomy":"product_tag","embeddable":true,"href":"https:\/\/casaingcosur.com\/index.php?rest_route=%2Fwp%2Fv2%2Fproduct_tag&post=192"}],"curies":[{"name":"wp","href":"https:\/\/api.w.org\/{rel}","templated":true}]}}