{"id":19,"date":"2022-04-26T13:32:12","date_gmt":"2022-04-26T13:32:12","guid":{"rendered":"https:\/\/casaingcosur.com\/?post_type=product&#038;p=19"},"modified":"2022-04-26T14:15:48","modified_gmt":"2022-04-26T14:15:48","slug":"taladro-rotomartillo-sds-plus-1050w-industrial-ingco","status":"publish","type":"product","link":"https:\/\/casaingcosur.com\/?product=taladro-rotomartillo-sds-plus-1050w-industrial-ingco","title":{"rendered":"TALADRO ROTOMARTILLO SDS PLUS 1050W INDUSTRIAL INGCO"},"content":{"rendered":"<p>Voltaje: 110-120V ~ 50 \/ 60Hz<\/p>\n<p>Potencia de entrada: 1050W<\/p>\n<p>Velocidad sin carga: 900 rpm<\/p>\n<p>Tasa de impacto: 4000bpm<\/p>\n<p>Energ\u00eda de impacto: 5J<\/p>\n<p>Capacidad de perforaci\u00f3n m\u00e1x.<\/p>\n<p>Concreto: 1.1 \u00bb Acero: 0.5 \u00bb Madera: 1.57 \u00bb<\/p>\n<p>Sistema de mandril SDS plus Con 3 taladros y 2 cinceles.<\/p>\n<p>Embalado por BMC<\/p>\n","protected":false},"excerpt":{"rendered":"<p>Voltaje: 110-120V ~ 50 \/ 60Hz Potencia de entrada: 1050W Velocidad sin carga: 900 rpm Tasa de impacto: 4000bpm Energ\u00eda de impacto: 5J Capacidad de perforaci\u00f3n m\u00e1x. Concreto: 1.1 \u00bb Acero: 0.5 \u00bb Madera: 1.57 \u00bb Sistema de mandril SDS plus Con 3 taladros y 2 cinceles. Embalado por BMC<\/p>\n","protected":false},"featured_media":49,"comment_status":"open","ping_status":"closed","template":"","meta":[],"product_cat":[18,19],"product_tag":[],"class_list":{"0":"post-19","1":"product","2":"type-product","3":"status-publish","4":"has-post-thumbnail","6":"product_cat-herramientas-electricas","7":"product_cat-taladros-rotomartillo","8":"thunk-woo-product-list","9":"opn-qv-enable","10":"open-woo-hover-","11":"open-single-product-tab-horizontal","12":"open-shadow-","13":"open-shadow-hover-","15":"first","16":"instock","17":"shipping-taxable","18":"purchasable","19":"product-type-simple"},"_links":{"self":[{"href":"https:\/\/casaingcosur.com\/index.php?rest_route=\/wp\/v2\/product\/19","targetHints":{"allow":["GET"]}}],"collection":[{"href":"https:\/\/casaingcosur.com\/index.php?rest_route=\/wp\/v2\/product"}],"about":[{"href":"https:\/\/casaingcosur.com\/index.php?rest_route=\/wp\/v2\/types\/product"}],"replies":[{"embeddable":true,"href":"https:\/\/casaingcosur.com\/index.php?rest_route=%2Fwp%2Fv2%2Fcomments&post=19"}],"wp:featuredmedia":[{"embeddable":true,"href":"https:\/\/casaingcosur.com\/index.php?rest_route=\/wp\/v2\/media\/49"}],"wp:attachment":[{"href":"https:\/\/casaingcosur.com\/index.php?rest_route=%2Fwp%2Fv2%2Fmedia&parent=19"}],"wp:term":[{"taxonomy":"product_cat","embeddable":true,"href":"https:\/\/casaingcosur.com\/index.php?rest_route=%2Fwp%2Fv2%2Fproduct_cat&post=19"},{"taxonomy":"product_tag","embeddable":true,"href":"https:\/\/casaingcosur.com\/index.php?rest_route=%2Fwp%2Fv2%2Fproduct_tag&post=19"}],"curies":[{"name":"wp","href":"https:\/\/api.w.org\/{rel}","templated":true}]}}