{"id":161,"date":"2022-04-26T13:41:50","date_gmt":"2022-04-26T13:41:50","guid":{"rendered":"https:\/\/casaingcosur.com\/?post_type=product&#038;p=161"},"modified":"2022-04-26T14:15:51","modified_gmt":"2022-04-26T14:15:51","slug":"broca-de-concreto-m2-5-16x8-ingco","status":"publish","type":"product","link":"https:\/\/casaingcosur.com\/?product=broca-de-concreto-m2-5-16x8-ingco","title":{"rendered":"BROCA DE CONCRETO M2 5\/16&#8243;X8&#8243; INGCO"},"content":{"rendered":"<p>Di\u00e1metro: 80 mm<\/p>\n<p>8pcs hojas TCT<\/p>\n<p>Con 1pcs 110 mm adaptador<\/p>\n<p>Con broca de alba\u00f1iler\u00eda 1pcs 8X110mm<\/p>\n","protected":false},"excerpt":{"rendered":"<p>Di\u00e1metro: 80 mm 8pcs hojas TCT Con 1pcs 110 mm adaptador Con broca de alba\u00f1iler\u00eda 1pcs 8X110mm<\/p>\n","protected":false},"featured_media":180,"comment_status":"open","ping_status":"closed","template":"","meta":[],"product_cat":[21],"product_tag":[],"class_list":{"0":"post-161","1":"product","2":"type-product","3":"status-publish","4":"has-post-thumbnail","6":"product_cat-accesorios","7":"thunk-woo-product-list","8":"opn-qv-enable","9":"open-woo-hover-","10":"open-single-product-tab-horizontal","11":"open-shadow-","12":"open-shadow-hover-","14":"first","15":"instock","16":"shipping-taxable","17":"purchasable","18":"product-type-simple"},"_links":{"self":[{"href":"https:\/\/casaingcosur.com\/index.php?rest_route=\/wp\/v2\/product\/161","targetHints":{"allow":["GET"]}}],"collection":[{"href":"https:\/\/casaingcosur.com\/index.php?rest_route=\/wp\/v2\/product"}],"about":[{"href":"https:\/\/casaingcosur.com\/index.php?rest_route=\/wp\/v2\/types\/product"}],"replies":[{"embeddable":true,"href":"https:\/\/casaingcosur.com\/index.php?rest_route=%2Fwp%2Fv2%2Fcomments&post=161"}],"wp:featuredmedia":[{"embeddable":true,"href":"https:\/\/casaingcosur.com\/index.php?rest_route=\/wp\/v2\/media\/180"}],"wp:attachment":[{"href":"https:\/\/casaingcosur.com\/index.php?rest_route=%2Fwp%2Fv2%2Fmedia&parent=161"}],"wp:term":[{"taxonomy":"product_cat","embeddable":true,"href":"https:\/\/casaingcosur.com\/index.php?rest_route=%2Fwp%2Fv2%2Fproduct_cat&post=161"},{"taxonomy":"product_tag","embeddable":true,"href":"https:\/\/casaingcosur.com\/index.php?rest_route=%2Fwp%2Fv2%2Fproduct_tag&post=161"}],"curies":[{"name":"wp","href":"https:\/\/api.w.org\/{rel}","templated":true}]}}