{"id":158,"date":"2022-04-26T13:41:50","date_gmt":"2022-04-26T13:41:50","guid":{"rendered":"https:\/\/casaingcosur.com\/?post_type=product&#038;p=158"},"modified":"2022-04-26T14:15:51","modified_gmt":"2022-04-26T14:15:51","slug":"broca-de-agujero-ingco","status":"publish","type":"product","link":"https:\/\/casaingcosur.com\/?product=broca-de-agujero-ingco","title":{"rendered":"BROCA DE AGUJERO INGCO"},"content":{"rendered":"<p>Di\u00e1metro: 80mm<br \/>\n8 unids cuchillas TCT<br \/>\nCon 1 unids 110mm adaptador<br \/>\nCon 1 unids 8x110mm brocas de alba\u00f1iler\u00eda<br \/>\nEmbalado por caja de color<\/p>\n","protected":false},"excerpt":{"rendered":"<p>Di\u00e1metro: 80mm 8 unids cuchillas TCT Con 1 unids 110mm adaptador Con 1 unids 8x110mm brocas de alba\u00f1iler\u00eda Embalado por caja de color<\/p>\n","protected":false},"featured_media":178,"comment_status":"open","ping_status":"closed","template":"","meta":[],"product_cat":[21],"product_tag":[],"class_list":{"0":"post-158","1":"product","2":"type-product","3":"status-publish","4":"has-post-thumbnail","6":"product_cat-accesorios","7":"thunk-woo-product-list","8":"opn-qv-enable","9":"open-woo-hover-","10":"open-single-product-tab-horizontal","11":"open-shadow-","12":"open-shadow-hover-","14":"first","15":"instock","16":"shipping-taxable","17":"purchasable","18":"product-type-simple"},"_links":{"self":[{"href":"https:\/\/casaingcosur.com\/index.php?rest_route=\/wp\/v2\/product\/158","targetHints":{"allow":["GET"]}}],"collection":[{"href":"https:\/\/casaingcosur.com\/index.php?rest_route=\/wp\/v2\/product"}],"about":[{"href":"https:\/\/casaingcosur.com\/index.php?rest_route=\/wp\/v2\/types\/product"}],"replies":[{"embeddable":true,"href":"https:\/\/casaingcosur.com\/index.php?rest_route=%2Fwp%2Fv2%2Fcomments&post=158"}],"wp:featuredmedia":[{"embeddable":true,"href":"https:\/\/casaingcosur.com\/index.php?rest_route=\/wp\/v2\/media\/178"}],"wp:attachment":[{"href":"https:\/\/casaingcosur.com\/index.php?rest_route=%2Fwp%2Fv2%2Fmedia&parent=158"}],"wp:term":[{"taxonomy":"product_cat","embeddable":true,"href":"https:\/\/casaingcosur.com\/index.php?rest_route=%2Fwp%2Fv2%2Fproduct_cat&post=158"},{"taxonomy":"product_tag","embeddable":true,"href":"https:\/\/casaingcosur.com\/index.php?rest_route=%2Fwp%2Fv2%2Fproduct_tag&post=158"}],"curies":[{"name":"wp","href":"https:\/\/api.w.org\/{rel}","templated":true}]}}