{"id":155,"date":"2022-04-26T13:41:50","date_gmt":"2022-04-26T13:41:50","guid":{"rendered":"https:\/\/casaingcosur.com\/?post_type=product&#038;p=155"},"modified":"2022-04-26T14:15:51","modified_gmt":"2022-04-26T14:15:51","slug":"control-bomba-sumergible-1-5hp-industrial-ingco","status":"publish","type":"product","link":"https:\/\/casaingcosur.com\/?product=control-bomba-sumergible-1-5hp-industrial-ingco","title":{"rendered":"CONTROL BOMBA SUMERGIBLE 1.5HP INDUSTRIAL INGCO"},"content":{"rendered":"<p>Caja de control para el art\u00edculo UDWP11001<\/p>\n<p>Conector VDE, longitud del cable: 70 mm<\/p>\n<p>Protecci\u00f3n contra la sobretensi\u00f3n<\/p>\n","protected":false},"excerpt":{"rendered":"<p>Caja de control para el art\u00edculo UDWP11001 Conector VDE, longitud del cable: 70 mm Protecci\u00f3n contra la sobretensi\u00f3n<\/p>\n","protected":false},"featured_media":176,"comment_status":"open","ping_status":"closed","template":"","meta":[],"product_cat":[38],"product_tag":[],"class_list":{"0":"post-155","1":"product","2":"type-product","3":"status-publish","4":"has-post-thumbnail","6":"product_cat-bombas-de-agua","7":"thunk-woo-product-list","8":"opn-qv-enable","9":"open-woo-hover-","10":"open-single-product-tab-horizontal","11":"open-shadow-","12":"open-shadow-hover-","14":"first","15":"instock","16":"shipping-taxable","17":"purchasable","18":"product-type-simple"},"_links":{"self":[{"href":"https:\/\/casaingcosur.com\/index.php?rest_route=\/wp\/v2\/product\/155","targetHints":{"allow":["GET"]}}],"collection":[{"href":"https:\/\/casaingcosur.com\/index.php?rest_route=\/wp\/v2\/product"}],"about":[{"href":"https:\/\/casaingcosur.com\/index.php?rest_route=\/wp\/v2\/types\/product"}],"replies":[{"embeddable":true,"href":"https:\/\/casaingcosur.com\/index.php?rest_route=%2Fwp%2Fv2%2Fcomments&post=155"}],"wp:featuredmedia":[{"embeddable":true,"href":"https:\/\/casaingcosur.com\/index.php?rest_route=\/wp\/v2\/media\/176"}],"wp:attachment":[{"href":"https:\/\/casaingcosur.com\/index.php?rest_route=%2Fwp%2Fv2%2Fmedia&parent=155"}],"wp:term":[{"taxonomy":"product_cat","embeddable":true,"href":"https:\/\/casaingcosur.com\/index.php?rest_route=%2Fwp%2Fv2%2Fproduct_cat&post=155"},{"taxonomy":"product_tag","embeddable":true,"href":"https:\/\/casaingcosur.com\/index.php?rest_route=%2Fwp%2Fv2%2Fproduct_tag&post=155"}],"curies":[{"name":"wp","href":"https:\/\/api.w.org\/{rel}","templated":true}]}}