{"id":146,"date":"2022-04-26T13:41:49","date_gmt":"2022-04-26T13:41:49","guid":{"rendered":"https:\/\/casaingcosur.com\/?post_type=product&#038;p=146"},"modified":"2022-08-04T03:25:07","modified_gmt":"2022-08-04T03:25:07","slug":"bomba-de-agua-a-gasolina-2-5hp-1-100l-min-ingco","status":"publish","type":"product","link":"https:\/\/casaingcosur.com\/?product=bomba-de-agua-a-gasolina-2-5hp-1-100l-min-ingco","title":{"rendered":"BOMBA DE AGUA A GASOLINA 2.5HP 1&#8243; 100L\/MIN INGCO"},"content":{"rendered":"<p>Di\u00e1metro del orificio de descarga de succi\u00f3n: 25 mm, 1 \u00bb<br \/>\nMax.flow: 100L \/ min<br \/>\nAltura m\u00e1xima de elevaci\u00f3n: 16m<br \/>\nCabezal de succi\u00f3n m\u00e1x .: 7m<br \/>\nMotor de gasolina 2.5HP<br \/>\nDesplazamiento :: 105cc<br \/>\nTanque de combustible: 1.2 l<br \/>\nSistema de arranque: retroceso<\/p>\n","protected":false},"excerpt":{"rendered":"<p>Di\u00e1metro del orificio de descarga de succi\u00f3n: 25 mm, 1 \u00bb Max.flow: 100L \/ min Altura m\u00e1xima de elevaci\u00f3n: 16m Cabezal de succi\u00f3n m\u00e1x .: 7m Motor de gasolina 2.5HP Desplazamiento :: 105cc Tanque de combustible: 1.2 l Sistema de arranque: retroceso<\/p>\n","protected":false},"featured_media":172,"comment_status":"open","ping_status":"closed","template":"","meta":[],"product_cat":[38],"product_tag":[],"class_list":{"0":"post-146","1":"product","2":"type-product","3":"status-publish","4":"has-post-thumbnail","6":"product_cat-bombas-de-agua","7":"thunk-woo-product-list","8":"opn-qv-enable","9":"open-woo-hover-","10":"open-single-product-tab-horizontal","11":"open-shadow-","12":"open-shadow-hover-","14":"first","15":"instock","16":"shipping-taxable","17":"purchasable","18":"product-type-simple"},"_links":{"self":[{"href":"https:\/\/casaingcosur.com\/index.php?rest_route=\/wp\/v2\/product\/146","targetHints":{"allow":["GET"]}}],"collection":[{"href":"https:\/\/casaingcosur.com\/index.php?rest_route=\/wp\/v2\/product"}],"about":[{"href":"https:\/\/casaingcosur.com\/index.php?rest_route=\/wp\/v2\/types\/product"}],"replies":[{"embeddable":true,"href":"https:\/\/casaingcosur.com\/index.php?rest_route=%2Fwp%2Fv2%2Fcomments&post=146"}],"wp:featuredmedia":[{"embeddable":true,"href":"https:\/\/casaingcosur.com\/index.php?rest_route=\/wp\/v2\/media\/172"}],"wp:attachment":[{"href":"https:\/\/casaingcosur.com\/index.php?rest_route=%2Fwp%2Fv2%2Fmedia&parent=146"}],"wp:term":[{"taxonomy":"product_cat","embeddable":true,"href":"https:\/\/casaingcosur.com\/index.php?rest_route=%2Fwp%2Fv2%2Fproduct_cat&post=146"},{"taxonomy":"product_tag","embeddable":true,"href":"https:\/\/casaingcosur.com\/index.php?rest_route=%2Fwp%2Fv2%2Fproduct_tag&post=146"}],"curies":[{"name":"wp","href":"https:\/\/api.w.org\/{rel}","templated":true}]}}