{"id":144,"date":"2022-04-26T13:41:49","date_gmt":"2022-04-26T13:41:49","guid":{"rendered":"https:\/\/casaingcosur.com\/?post_type=product&#038;p=144"},"modified":"2022-04-26T14:15:51","modified_gmt":"2022-04-26T14:15:51","slug":"bomba-de-agua-a-gasolina-7hp-2-550l-min-ingco","status":"publish","type":"product","link":"https:\/\/casaingcosur.com\/?product=bomba-de-agua-a-gasolina-7hp-2-550l-min-ingco","title":{"rendered":"BOMBA DE AGUA A GASOLINA 7HP 2&#8243; 550L\/MIN INGCO"},"content":{"rendered":"<p>Di\u00e1metro del puerto de succi\u00f3n y descarga: 50mm, 2&#8243;<br \/>\nM\u00e1ximo caudal: 550L<br \/>\n\/min<br \/>\nM\u00e1xima Elevaci\u00f3n: 28M<\/p>\n<p>M\u00e1xima Succi\u00f3n: 8M<\/p>\n<p>Motor de gasolina 7.0HP<br \/>\nDesplazamiento: 208cc<\/p>\n<p>Capacidad Tanque de Combustible : 3.6L<\/p>\n<p>Sistema de encendido: Retr\u00e1ctil<\/p>\n","protected":false},"excerpt":{"rendered":"<p>Di\u00e1metro del puerto de succi\u00f3n y descarga: 50mm, 2&#8243; M\u00e1ximo caudal: 550L \/min M\u00e1xima Elevaci\u00f3n: 28M M\u00e1xima Succi\u00f3n: 8M Motor de gasolina 7.0HP Desplazamiento: 208cc Capacidad Tanque de Combustible : 3.6L Sistema de encendido: Retr\u00e1ctil<\/p>\n","protected":false},"featured_media":171,"comment_status":"open","ping_status":"closed","template":"","meta":[],"product_cat":[38],"product_tag":[],"class_list":{"0":"post-144","1":"product","2":"type-product","3":"status-publish","4":"has-post-thumbnail","6":"product_cat-bombas-de-agua","7":"thunk-woo-product-list","8":"opn-qv-enable","9":"open-woo-hover-","10":"open-single-product-tab-horizontal","11":"open-shadow-","12":"open-shadow-hover-","14":"first","15":"instock","16":"shipping-taxable","17":"purchasable","18":"product-type-simple"},"_links":{"self":[{"href":"https:\/\/casaingcosur.com\/index.php?rest_route=\/wp\/v2\/product\/144","targetHints":{"allow":["GET"]}}],"collection":[{"href":"https:\/\/casaingcosur.com\/index.php?rest_route=\/wp\/v2\/product"}],"about":[{"href":"https:\/\/casaingcosur.com\/index.php?rest_route=\/wp\/v2\/types\/product"}],"replies":[{"embeddable":true,"href":"https:\/\/casaingcosur.com\/index.php?rest_route=%2Fwp%2Fv2%2Fcomments&post=144"}],"wp:featuredmedia":[{"embeddable":true,"href":"https:\/\/casaingcosur.com\/index.php?rest_route=\/wp\/v2\/media\/171"}],"wp:attachment":[{"href":"https:\/\/casaingcosur.com\/index.php?rest_route=%2Fwp%2Fv2%2Fmedia&parent=144"}],"wp:term":[{"taxonomy":"product_cat","embeddable":true,"href":"https:\/\/casaingcosur.com\/index.php?rest_route=%2Fwp%2Fv2%2Fproduct_cat&post=144"},{"taxonomy":"product_tag","embeddable":true,"href":"https:\/\/casaingcosur.com\/index.php?rest_route=%2Fwp%2Fv2%2Fproduct_tag&post=144"}],"curies":[{"name":"wp","href":"https:\/\/api.w.org\/{rel}","templated":true}]}}