{"id":1097,"date":"2022-04-26T13:45:58","date_gmt":"2022-04-26T13:45:58","guid":{"rendered":"https:\/\/casaingcosur.com\/?post_type=product&#038;p=1097"},"modified":"2026-02-13T17:02:04","modified_gmt":"2026-02-13T17:02:04","slug":"sierra-6-para-gypsum-ingco","status":"publish","type":"product","link":"https:\/\/casaingcosur.com\/?product=sierra-6-para-gypsum-ingco","title":{"rendered":"SIERRA 6&#8243; PARA GYPSUM INGCO"},"content":{"rendered":"<p>Igual que el nivel de calidad de STANLEY.<br \/>\nTama\u00f1o: 6 \u00ab\/ 150mm<br \/>\nMaterial: Taiwan SK5<br \/>\n8 TPI, dientes tratamiento t\u00e9rmico<br \/>\nDientes triples (dientes rectificados de<br \/>\nprecisi\u00f3n 3 aristas)<br \/>\nCorte r\u00e1pido y larga vida.<\/p>\n","protected":false},"excerpt":{"rendered":"<p>Igual que el nivel de calidad de STANLEY. Tama\u00f1o: 6 \u00ab\/ 150mm Material: Taiwan SK5 8 TPI, dientes tratamiento t\u00e9rmico Dientes triples (dientes rectificados de precisi\u00f3n 3 aristas) Corte r\u00e1pido y larga vida.<\/p>\n","protected":false},"featured_media":1127,"comment_status":"open","ping_status":"closed","template":"","meta":[],"product_cat":[34,86],"product_tag":[],"class_list":{"0":"post-1097","1":"product","2":"type-product","3":"status-publish","4":"has-post-thumbnail","6":"product_cat-herramientas-manuales","7":"product_cat-sierras-para-gypsum","8":"thunk-woo-product-list","9":"opn-qv-enable","10":"open-woo-hover-","11":"open-single-product-tab-horizontal","12":"open-shadow-","13":"open-shadow-hover-","15":"first","16":"instock","17":"shipping-taxable","18":"purchasable","19":"product-type-simple"},"_links":{"self":[{"href":"https:\/\/casaingcosur.com\/index.php?rest_route=\/wp\/v2\/product\/1097","targetHints":{"allow":["GET"]}}],"collection":[{"href":"https:\/\/casaingcosur.com\/index.php?rest_route=\/wp\/v2\/product"}],"about":[{"href":"https:\/\/casaingcosur.com\/index.php?rest_route=\/wp\/v2\/types\/product"}],"replies":[{"embeddable":true,"href":"https:\/\/casaingcosur.com\/index.php?rest_route=%2Fwp%2Fv2%2Fcomments&post=1097"}],"wp:featuredmedia":[{"embeddable":true,"href":"https:\/\/casaingcosur.com\/index.php?rest_route=\/wp\/v2\/media\/1127"}],"wp:attachment":[{"href":"https:\/\/casaingcosur.com\/index.php?rest_route=%2Fwp%2Fv2%2Fmedia&parent=1097"}],"wp:term":[{"taxonomy":"product_cat","embeddable":true,"href":"https:\/\/casaingcosur.com\/index.php?rest_route=%2Fwp%2Fv2%2Fproduct_cat&post=1097"},{"taxonomy":"product_tag","embeddable":true,"href":"https:\/\/casaingcosur.com\/index.php?rest_route=%2Fwp%2Fv2%2Fproduct_tag&post=1097"}],"curies":[{"name":"wp","href":"https:\/\/api.w.org\/{rel}","templated":true}]}}