{"id":1091,"date":"2022-04-26T13:45:58","date_gmt":"2022-04-26T13:45:58","guid":{"rendered":"https:\/\/casaingcosur.com\/?post_type=product&#038;p=1091"},"modified":"2022-04-26T14:16:17","modified_gmt":"2022-04-26T14:16:17","slug":"amarra-plastica-100mm","status":"publish","type":"product","link":"https:\/\/casaingcosur.com\/?product=amarra-plastica-100mm","title":{"rendered":"AMARRA PLASTICA 100MM"},"content":{"rendered":"<p>Color blanco<br \/>\nMaterial: Nylon 66<br \/>\nLongitud: 100mm<br \/>\nAncho: 2.5mm<br \/>\n100 unids \/ set<br \/>\nS\u00f3lo un a\u00f1o de garant\u00eda.<\/p>\n","protected":false},"excerpt":{"rendered":"<p>Color blanco Material: Nylon 66 Longitud: 100mm Ancho: 2.5mm 100 unids \/ set S\u00f3lo un a\u00f1o de garant\u00eda.<\/p>\n","protected":false},"featured_media":1121,"comment_status":"open","ping_status":"closed","template":"","meta":[],"product_cat":[21],"product_tag":[],"class_list":{"0":"post-1091","1":"product","2":"type-product","3":"status-publish","4":"has-post-thumbnail","6":"product_cat-accesorios","7":"thunk-woo-product-list","8":"opn-qv-enable","9":"open-woo-hover-","10":"open-single-product-tab-horizontal","11":"open-shadow-","12":"open-shadow-hover-","14":"first","15":"instock","16":"shipping-taxable","17":"purchasable","18":"product-type-simple"},"_links":{"self":[{"href":"https:\/\/casaingcosur.com\/index.php?rest_route=\/wp\/v2\/product\/1091","targetHints":{"allow":["GET"]}}],"collection":[{"href":"https:\/\/casaingcosur.com\/index.php?rest_route=\/wp\/v2\/product"}],"about":[{"href":"https:\/\/casaingcosur.com\/index.php?rest_route=\/wp\/v2\/types\/product"}],"replies":[{"embeddable":true,"href":"https:\/\/casaingcosur.com\/index.php?rest_route=%2Fwp%2Fv2%2Fcomments&post=1091"}],"wp:featuredmedia":[{"embeddable":true,"href":"https:\/\/casaingcosur.com\/index.php?rest_route=\/wp\/v2\/media\/1121"}],"wp:attachment":[{"href":"https:\/\/casaingcosur.com\/index.php?rest_route=%2Fwp%2Fv2%2Fmedia&parent=1091"}],"wp:term":[{"taxonomy":"product_cat","embeddable":true,"href":"https:\/\/casaingcosur.com\/index.php?rest_route=%2Fwp%2Fv2%2Fproduct_cat&post=1091"},{"taxonomy":"product_tag","embeddable":true,"href":"https:\/\/casaingcosur.com\/index.php?rest_route=%2Fwp%2Fv2%2Fproduct_tag&post=1091"}],"curies":[{"name":"wp","href":"https:\/\/api.w.org\/{rel}","templated":true}]}}