{"id":1090,"date":"2022-04-26T13:45:58","date_gmt":"2022-04-26T13:45:58","guid":{"rendered":"https:\/\/casaingcosur.com\/?post_type=product&#038;p=1090"},"modified":"2022-04-26T14:16:17","modified_gmt":"2022-04-26T14:16:17","slug":"comprobador-voltaje-12v-100v-ingco","status":"publish","type":"product","link":"https:\/\/casaingcosur.com\/?product=comprobador-voltaje-12v-100v-ingco","title":{"rendered":"COMPROBADOR VOLTAJE 12V-100V INGCO"},"content":{"rendered":"<p>Voltaje CA: 12V ~ 1000V (Alta sensibilidad)<br \/>\n48 ~ 1000V (sensibilidad baja)<br \/>\nFrecuencia: 50 \/ 60Hz<br \/>\nModo de alarma: Alarma de sonido y luz.<br \/>\nLuz de flash: LED blanco<br \/>\nIndicaci\u00f3n de bater\u00eda baja<br \/>\nApagado autom\u00e1tico<br \/>\nTapa de bater\u00eda conmutable<br \/>\nAuto distingue la l\u00ednea Live y la l\u00ednea Netural<\/p>\n","protected":false},"excerpt":{"rendered":"<p>Voltaje CA: 12V ~ 1000V (Alta sensibilidad) 48 ~ 1000V (sensibilidad baja) Frecuencia: 50 \/ 60Hz Modo de alarma: Alarma de sonido y luz. Luz de flash: LED blanco Indicaci\u00f3n de bater\u00eda baja Apagado autom\u00e1tico Tapa de bater\u00eda conmutable Auto distingue la l\u00ednea Live y la l\u00ednea Netural<\/p>\n","protected":false},"featured_media":1120,"comment_status":"open","ping_status":"closed","template":"","meta":[],"product_cat":[52],"product_tag":[],"class_list":{"0":"post-1090","1":"product","2":"type-product","3":"status-publish","4":"has-post-thumbnail","6":"product_cat-herramientas-de-medicion","7":"thunk-woo-product-list","8":"opn-qv-enable","9":"open-woo-hover-","10":"open-single-product-tab-horizontal","11":"open-shadow-","12":"open-shadow-hover-","14":"first","15":"instock","16":"shipping-taxable","17":"purchasable","18":"product-type-simple"},"_links":{"self":[{"href":"https:\/\/casaingcosur.com\/index.php?rest_route=\/wp\/v2\/product\/1090","targetHints":{"allow":["GET"]}}],"collection":[{"href":"https:\/\/casaingcosur.com\/index.php?rest_route=\/wp\/v2\/product"}],"about":[{"href":"https:\/\/casaingcosur.com\/index.php?rest_route=\/wp\/v2\/types\/product"}],"replies":[{"embeddable":true,"href":"https:\/\/casaingcosur.com\/index.php?rest_route=%2Fwp%2Fv2%2Fcomments&post=1090"}],"wp:featuredmedia":[{"embeddable":true,"href":"https:\/\/casaingcosur.com\/index.php?rest_route=\/wp\/v2\/media\/1120"}],"wp:attachment":[{"href":"https:\/\/casaingcosur.com\/index.php?rest_route=%2Fwp%2Fv2%2Fmedia&parent=1090"}],"wp:term":[{"taxonomy":"product_cat","embeddable":true,"href":"https:\/\/casaingcosur.com\/index.php?rest_route=%2Fwp%2Fv2%2Fproduct_cat&post=1090"},{"taxonomy":"product_tag","embeddable":true,"href":"https:\/\/casaingcosur.com\/index.php?rest_route=%2Fwp%2Fv2%2Fproduct_tag&post=1090"}],"curies":[{"name":"wp","href":"https:\/\/api.w.org\/{rel}","templated":true}]}}