{"id":1088,"date":"2022-04-26T13:45:57","date_gmt":"2022-04-26T13:45:57","guid":{"rendered":"https:\/\/casaingcosur.com\/?post_type=product&#038;p=1088"},"modified":"2022-04-26T14:16:17","modified_gmt":"2022-04-26T14:16:17","slug":"cepillo-de-techo-5-120x30mm","status":"publish","type":"product","link":"https:\/\/casaingcosur.com\/?product=cepillo-de-techo-5-120x30mm","title":{"rendered":"CEPILLO DE TECHO 5&#8243; (120X30MM)"},"content":{"rendered":"<p>Tama\u00f1o: 5&#8243; \u00ab(120 * 30 mm)<br \/>\nPara pintura a base de aceite<br \/>\nLongitud de la cerda: 70 mm<br \/>\nEspesor: 28 mm<br \/>\nCerdas de alta calidad<br \/>\nMango de pl\u00e1stico de dise\u00f1o \u00fanico INGCO<br \/>\nEmbalado por manga de color<\/p>\n","protected":false},"excerpt":{"rendered":"<p>Tama\u00f1o: 5&#8243; \u00ab(120 * 30 mm) Para pintura a base de aceite Longitud de la cerda: 70 mm Espesor: 28 mm Cerdas de alta calidad Mango de pl\u00e1stico de dise\u00f1o \u00fanico INGCO Embalado por manga de color<\/p>\n","protected":false},"featured_media":1118,"comment_status":"open","ping_status":"closed","template":"","meta":[],"product_cat":[85,34],"product_tag":[],"class_list":{"0":"post-1088","1":"product","2":"type-product","3":"status-publish","4":"has-post-thumbnail","6":"product_cat-cepillos-de-pintura","7":"product_cat-herramientas-manuales","8":"thunk-woo-product-list","9":"opn-qv-enable","10":"open-woo-hover-","11":"open-single-product-tab-horizontal","12":"open-shadow-","13":"open-shadow-hover-","15":"first","16":"instock","17":"shipping-taxable","18":"purchasable","19":"product-type-simple"},"_links":{"self":[{"href":"https:\/\/casaingcosur.com\/index.php?rest_route=\/wp\/v2\/product\/1088","targetHints":{"allow":["GET"]}}],"collection":[{"href":"https:\/\/casaingcosur.com\/index.php?rest_route=\/wp\/v2\/product"}],"about":[{"href":"https:\/\/casaingcosur.com\/index.php?rest_route=\/wp\/v2\/types\/product"}],"replies":[{"embeddable":true,"href":"https:\/\/casaingcosur.com\/index.php?rest_route=%2Fwp%2Fv2%2Fcomments&post=1088"}],"wp:featuredmedia":[{"embeddable":true,"href":"https:\/\/casaingcosur.com\/index.php?rest_route=\/wp\/v2\/media\/1118"}],"wp:attachment":[{"href":"https:\/\/casaingcosur.com\/index.php?rest_route=%2Fwp%2Fv2%2Fmedia&parent=1088"}],"wp:term":[{"taxonomy":"product_cat","embeddable":true,"href":"https:\/\/casaingcosur.com\/index.php?rest_route=%2Fwp%2Fv2%2Fproduct_cat&post=1088"},{"taxonomy":"product_tag","embeddable":true,"href":"https:\/\/casaingcosur.com\/index.php?rest_route=%2Fwp%2Fv2%2Fproduct_tag&post=1088"}],"curies":[{"name":"wp","href":"https:\/\/api.w.org\/{rel}","templated":true}]}}