{"id":1029,"date":"2022-04-26T13:45:36","date_gmt":"2022-04-26T13:45:36","guid":{"rendered":"https:\/\/casaingcosur.com\/?post_type=product&#038;p=1029"},"modified":"2022-04-26T14:16:15","modified_gmt":"2022-04-26T14:16:15","slug":"taladro-rotomartillo-sds-max-1700w-ingco","status":"publish","type":"product","link":"https:\/\/casaingcosur.com\/?product=taladro-rotomartillo-sds-max-1700w-ingco","title":{"rendered":"TALADRO ROTOMARTILLO SDS MAX 1700W INGCO"},"content":{"rendered":"<p>Voltaje: 110-120V ~ 60Hz<br \/>\nPotencia de entrada: 1700W<br \/>\nVelocidad sin carga: 200-340 rpm<br \/>\nTasa de impacto: 1150-1850bpm<br \/>\nEnerg\u00eda de impacto: 27J<br \/>\nCapacidad de perforaci\u00f3n m\u00e1x.<br \/>\nConcreto: 2.56 \u00bb<br \/>\nSistema de mandril SDS-MAX<br \/>\nFunci\u00f3n de martilleo y cincelado.<br \/>\nCables de goma 4M<br \/>\nCon 3 taladros y 2 cinceles.<\/p>\n","protected":false},"excerpt":{"rendered":"<p>Voltaje: 110-120V ~ 60Hz Potencia de entrada: 1700W Velocidad sin carga: 200-340 rpm Tasa de impacto: 1150-1850bpm Energ\u00eda de impacto: 27J Capacidad de perforaci\u00f3n m\u00e1x. Concreto: 2.56 \u00bb Sistema de mandril SDS-MAX Funci\u00f3n de martilleo y cincelado. Cables de goma 4M Con 3 taladros y 2 cinceles.<\/p>\n","protected":false},"featured_media":1059,"comment_status":"open","ping_status":"closed","template":"","meta":[],"product_cat":[18,19],"product_tag":[],"class_list":{"0":"post-1029","1":"product","2":"type-product","3":"status-publish","4":"has-post-thumbnail","6":"product_cat-herramientas-electricas","7":"product_cat-taladros-rotomartillo","8":"thunk-woo-product-list","9":"opn-qv-enable","10":"open-woo-hover-","11":"open-single-product-tab-horizontal","12":"open-shadow-","13":"open-shadow-hover-","15":"first","16":"instock","17":"shipping-taxable","18":"purchasable","19":"product-type-simple"},"_links":{"self":[{"href":"https:\/\/casaingcosur.com\/index.php?rest_route=\/wp\/v2\/product\/1029","targetHints":{"allow":["GET"]}}],"collection":[{"href":"https:\/\/casaingcosur.com\/index.php?rest_route=\/wp\/v2\/product"}],"about":[{"href":"https:\/\/casaingcosur.com\/index.php?rest_route=\/wp\/v2\/types\/product"}],"replies":[{"embeddable":true,"href":"https:\/\/casaingcosur.com\/index.php?rest_route=%2Fwp%2Fv2%2Fcomments&post=1029"}],"wp:featuredmedia":[{"embeddable":true,"href":"https:\/\/casaingcosur.com\/index.php?rest_route=\/wp\/v2\/media\/1059"}],"wp:attachment":[{"href":"https:\/\/casaingcosur.com\/index.php?rest_route=%2Fwp%2Fv2%2Fmedia&parent=1029"}],"wp:term":[{"taxonomy":"product_cat","embeddable":true,"href":"https:\/\/casaingcosur.com\/index.php?rest_route=%2Fwp%2Fv2%2Fproduct_cat&post=1029"},{"taxonomy":"product_tag","embeddable":true,"href":"https:\/\/casaingcosur.com\/index.php?rest_route=%2Fwp%2Fv2%2Fproduct_tag&post=1029"}],"curies":[{"name":"wp","href":"https:\/\/api.w.org\/{rel}","templated":true}]}}