{"id":1026,"date":"2022-04-26T13:45:36","date_gmt":"2022-04-26T13:45:36","guid":{"rendered":"https:\/\/casaingcosur.com\/?post_type=product&#038;p=1026"},"modified":"2022-04-26T14:16:15","modified_gmt":"2022-04-26T14:16:15","slug":"taladro-inalambrico-percutor-li-on-10mm-20v-ingco","status":"publish","type":"product","link":"https:\/\/casaingcosur.com\/?product=taladro-inalambrico-percutor-li-on-10mm-20v-ingco","title":{"rendered":"TALADRO INALAMBRICO PERCUTOR LI-ON 10MM 20V INGCO"},"content":{"rendered":"<p>Voltaje: 20V<br \/>\nVelocidad sin carga: 0-400 \/ 0-1500 \/ min<br \/>\nVelocidad de impacto m\u00e1x .: 22500 \/ min.<br \/>\nPar m\u00e1x .: 45 nm<br \/>\nCapacidad de portabrocas: 0.8-10 mm<br \/>\nConfiguraci\u00f3n de par: 18 + 1 + 1<br \/>\nEngranaje mec\u00e1nico de 2 velocidades.<br \/>\nBater\u00edas de iones de litio de 20V 2.0Ah<br \/>\nCon 2 piezas de bater\u00eda<br \/>\nCon 1pcs 2Hr cargador<br \/>\nVoltios de carga: 110V-120V ~ 50 \/ 60Hz<br \/>\nLuz de trabajo integrada<\/p>\n<p>Indicador LED de bateri\u0301a<\/p>\n<div class=\"page\" title=\"Page 4\">\n<div class=\"section\">\n<div class=\"layoutArea\">\n<div class=\"column\">\n<p>Con 50 piezas de accesorios Embalado por bolsa de lona<\/p>\n<\/div>\n<\/div>\n<\/div>\n<\/div>\n","protected":false},"excerpt":{"rendered":"<p>Voltaje: 20V Velocidad sin carga: 0-400 \/ 0-1500 \/ min Velocidad de impacto m\u00e1x .: 22500 \/ min. Par m\u00e1x .: 45 nm Capacidad de portabrocas: 0.8-10 mm Configuraci\u00f3n de par: 18 + 1 + 1 Engranaje mec\u00e1nico de 2 velocidades. Bater\u00edas de iones de litio de 20V 2.0Ah Con 2 piezas de bater\u00eda Con &hellip;<\/p>\n<p class=\"read-more\"> <a class=\" thunk-readmore button \" href=\"https:\/\/casaingcosur.com\/?product=taladro-inalambrico-percutor-li-on-10mm-20v-ingco\"> <span class=\"screen-reader-text\">TALADRO INALAMBRICO PERCUTOR LI-ON 10MM 20V INGCO<\/span>Leer m\u00e1s<\/a><\/p>\n","protected":false},"featured_media":1056,"comment_status":"open","ping_status":"closed","template":"","meta":[],"product_cat":[70,71],"product_tag":[],"class_list":{"0":"post-1026","1":"product","2":"type-product","3":"status-publish","4":"has-post-thumbnail","6":"product_cat-herramientas-inalambricas","7":"product_cat-taladros-inalambricos","8":"thunk-woo-product-list","9":"opn-qv-enable","10":"open-woo-hover-","11":"open-single-product-tab-horizontal","12":"open-shadow-","13":"open-shadow-hover-","15":"first","16":"outofstock","17":"shipping-taxable","18":"purchasable","19":"product-type-simple"},"_links":{"self":[{"href":"https:\/\/casaingcosur.com\/index.php?rest_route=\/wp\/v2\/product\/1026","targetHints":{"allow":["GET"]}}],"collection":[{"href":"https:\/\/casaingcosur.com\/index.php?rest_route=\/wp\/v2\/product"}],"about":[{"href":"https:\/\/casaingcosur.com\/index.php?rest_route=\/wp\/v2\/types\/product"}],"replies":[{"embeddable":true,"href":"https:\/\/casaingcosur.com\/index.php?rest_route=%2Fwp%2Fv2%2Fcomments&post=1026"}],"wp:featuredmedia":[{"embeddable":true,"href":"https:\/\/casaingcosur.com\/index.php?rest_route=\/wp\/v2\/media\/1056"}],"wp:attachment":[{"href":"https:\/\/casaingcosur.com\/index.php?rest_route=%2Fwp%2Fv2%2Fmedia&parent=1026"}],"wp:term":[{"taxonomy":"product_cat","embeddable":true,"href":"https:\/\/casaingcosur.com\/index.php?rest_route=%2Fwp%2Fv2%2Fproduct_cat&post=1026"},{"taxonomy":"product_tag","embeddable":true,"href":"https:\/\/casaingcosur.com\/index.php?rest_route=%2Fwp%2Fv2%2Fproduct_tag&post=1026"}],"curies":[{"name":"wp","href":"https:\/\/api.w.org\/{rel}","templated":true}]}}